{"id":562,"date":"2025-07-22T18:48:31","date_gmt":"2025-07-22T18:48:31","guid":{"rendered":"https:\/\/navistalent.rs\/?page_id=562"},"modified":"2025-09-28T08:03:27","modified_gmt":"2025-09-28T08:03:27","slug":"blog","status":"publish","type":"page","link":"https:\/\/navistalent.rs\/sr\/blog\/","title":{"rendered":"Blog"},"content":{"rendered":"\n<div class=\"wp-block-group alignfull cover-heading has-custom-background-color has-custom-accent-background-color has-text-color has-background has-link-color wp-elements-b164865aa2111e42791d7cf6f1c2a343 is-vertical is-layout-flex wp-container-core-group-is-layout-aad45914 wp-block-group-is-layout-flex\" style=\"min-height:400px;padding-top:86px\">\n<div class=\"wp-block-group alignwide has-global-padding is-layout-constrained wp-container-core-group-is-layout-12243e0f wp-block-group-is-layout-constrained\">\n<h1 class=\"wp-block-heading alignwide has-text-align-left has-custom-background-color has-text-color has-link-color wp-elements-1a1ba0e1c2193790ea2c3460162adf41\">NAVIS TALENT BLOG.<\/h1>\n\n\n\n<h2 class=\"wp-block-heading has-custom-background-color has-text-color has-link-color has-medium-font-size wp-elements-32e28e1405d003ec2e9e710db880a899\">WHERE TALENT MEETS STRATEGY.<\/h2>\n\n\n\n<p style=\"font-size:clamp(14px, 0.875rem + ((1vw - 3.2px) * 0.294), 17px);\">Interested in how to attract, develop and retain top talent? On our blog, we share the latest insights, expert advice and practical solutions from the world of HR and talent management. Whether you want to improve employer branding, optimize selection processes or build a stronger organizational culture &#8211; our texts are the right place to start. Visit the blog and get inspired by business-changing ideas.<\/p>\n<\/div>\n<\/div>\n\n\n\n<div class=\"wp-block-group alignfull post-container has-background has-global-padding is-layout-constrained wp-container-core-group-is-layout-c36a201d wp-block-group-is-layout-constrained\" style=\"background-color:#2264782e;min-height:75vh;margin-top:0;margin-bottom:0;padding-top:var(--wp--preset--spacing--50);padding-right:var(--wp--preset--spacing--20);padding-bottom:var(--wp--preset--spacing--50);padding-left:var(--wp--preset--spacing--20)\"><ul class=\"wp-block-categories-list tag-list-wide wp-block-categories\">\t<li class=\"cat-item cat-item-62\"><a href=\"https:\/\/navistalent.rs\/sr\/category\/blog-en\/\">Blog EN<\/a>\n<\/li>\n\t<li class=\"cat-item cat-item-63\"><a href=\"https:\/\/navistalent.rs\/sr\/category\/blog-sr\/\">Blog SR<\/a>\n<\/li>\n\t<li class=\"cat-item cat-item-1\"><a href=\"https:\/\/navistalent.rs\/sr\/category\/life\/\">Life<\/a>\n<\/li>\n<\/ul>\n\n<div class=\"wp-block-categories-dropdown tag-list-mobile wp-elements-af1bd909dca6f2eeab6286c0817c675d wp-block-categories\"><label class=\"wp-block-categories__label screen-reader-text\" for=\"wp-block-categories-2\">\u041e\u0437\u043d\u0430\u043a\u0435<\/label><select  name='tag' id='wp-block-categories-2' class='postform'>\n\t<option value='-1'>\u0418\u0437\u0430\u0431\u0435\u0440\u0438\u0442\u0435 \u041e\u0437\u043d\u0430\u043a\u0430<\/option>\n\t<option class=\"level-0\" value=\"employer-brending\">employer brending&nbsp;&nbsp;(1)<\/option>\n\t<option class=\"level-0\" value=\"hr-consulting\">HR consulting&nbsp;&nbsp;(1)<\/option>\n\t<option class=\"level-0\" value=\"internship\">Internship&nbsp;&nbsp;(2)<\/option>\n\t<option class=\"level-0\" value=\"it-companies\">IT companies&nbsp;&nbsp;(1)<\/option>\n\t<option class=\"level-0\" value=\"it-kompanije\">IT kompanije&nbsp;&nbsp;(1)<\/option>\n\t<option class=\"level-0\" value=\"mentorship\">mentorship&nbsp;&nbsp;(1)<\/option>\n\t<option class=\"level-0\" value=\"navis-talent\">Navis Talent&nbsp;&nbsp;(1)<\/option>\n\t<option class=\"level-0\" value=\"razvoj-talenata\">razvoj talenata&nbsp;&nbsp;(1)<\/option>\n\t<option class=\"level-0\" value=\"talent-development\">talent development&nbsp;&nbsp;(1)<\/option>\n<\/select><script>\n\t\n\t( function() {\n\t\tvar dropdown = document.getElementById( 'wp-block-categories-2' );\n\t\tfunction onCatChange() {\n\t\t\tif ( dropdown.options[ dropdown.selectedIndex ].value !== -1 ) {\n\t\t\t\tlocation.href = \"https:\/\/navistalent.rs\/sr\/?\" + dropdown.name + '=' + dropdown.options[ dropdown.selectedIndex ].value;\n\t\t\t}\n\t\t}\n\t\tdropdown.onchange = onCatChange;\n\t})();\n\t\n\t\n<\/script>\n\n<\/div>\n\n\n<div data-wp-context=\"{}\" data-wp-interactive=\"core\/query\" data-wp-key=\"30\" data-wp-router-region=\"query-30\" class=\"wp-block-query post-template is-layout-flow wp-block-query-is-layout-flow\"><ul style=\"padding-right:var(--wp--preset--spacing--30);padding-left:var(--wp--preset--spacing--30);padding-top:var(--wp--preset--spacing--30);padding-bottom:var(--wp--preset--spacing--30);\" class=\"wp-block-post-template is-layout-flow wp-container-core-post-template-is-layout-4907472d wp-block-post-template-is-layout-flow\"><li data-wp-key=\"post-template-item-1245\" class=\"wp-block-post post-1245 post type-post status-publish format-standard hentry category-blog-sr tag-employer-brending tag-internship tag-it-kompanije tag-navis-talent tag-razvoj-talenata\">\n<h2 class=\"wp-block-post-title\"><a href=\"https:\/\/navistalent.rs\/sr\/zasto-su-dobro-osmisljeni-internship-programi-kljucni-za-rast-it-kompanija\/\" target=\"_self\" >Za\u0161to su dobro osmi\u0161ljeni internship programi klju\u010dni za rast IT kompanija<\/a><\/h2>\n\n\n<div class=\"wp-block-group is-content-justification-left is-nowrap is-layout-flex wp-container-core-group-is-layout-15ab4a1c wp-block-group-is-layout-flex\"><div style=\"font-size:14px\" class=\"taxonomy-category is-style-default wp-block-post-terms\"><a href=\"https:\/\/navistalent.rs\/sr\/category\/blog-sr\/\" rel=\"tag\">Blog SR<\/a><\/div>\n\n\n<p class=\"has-custom-petroleum-900-color has-text-color has-link-color wp-elements-d0c4647e81d9f00f658d7d56cc23ab8b\">\u00b7<\/p>\n\n\n<div style=\"font-size:14px;font-style:normal;font-weight:600;\" class=\"has-link-color wp-elements-665bae7a382dba3371bcf519c2991feb wp-block-post-author-name has-text-color has-custom-text-color\"><a href=\"https:\/\/navistalent.rs\/sr\/author\/root\/\" target=\"_self\" class=\"wp-block-post-author-name__link\">Ana Stojiljkovi\u0107<\/a><\/div>\n\n\n<p class=\"has-custom-petroleum-900-color has-text-color has-link-color wp-elements-aae77c0b3895245c97a9a834cf7ba5a1\">\u00b7<\/p>\n\n\n<div style=\"font-size:14px;\" class=\"has-link-color wp-elements-7e6cbb77299b60a599b68730fb874192 wp-block-post-date has-text-color has-custom-secondary-color\"><time datetime=\"2025-09-27T18:18:19+00:00\">27.09.2025<\/time><\/div><\/div>\n\n\n<div style=\"font-size:clamp(14px, 0.875rem + ((1vw - 3.2px) * 0.294), 17px); border-radius:15px;\" class=\"has-text-align-left wp-block-post-excerpt\"><p class=\"wp-block-post-excerpt__excerpt\">Dobro osmi\u0161ljeni internship programi nisu tro\u0161ak, ve\u0107 strate\u0161ka investicija. Oni poma\u017eu IT kompanijama da privuku mlade talente, razviju budu\u0107e zaposlene&hellip;<\/p><p class=\"wp-block-post-excerpt__more-text\"><a class=\"wp-block-post-excerpt__more-link\" href=\"https:\/\/navistalent.rs\/sr\/zasto-su-dobro-osmisljeni-internship-programi-kljucni-za-rast-it-kompanija\/\">Read More \u25ba<\/a><\/p><\/div>\n\n\n<hr class=\"wp-block-separator has-text-color has-custom-petroleum-400-color has-alpha-channel-opacity has-custom-petroleum-400-background-color has-background\" style=\"margin-top:0;margin-bottom:0\"\/>\n\n<\/li><\/ul>\n\n\n\n<\/div>\n<\/div>\n","protected":false},"excerpt":{"rendered":"<p>NAVIS TALENT BLOG. WHERE TALENT MEETS STRATEGY. Interested in how to attract, develop and retain top talent? On our blog, we share the latest insights, expert advice and practical solutions from the world of HR and talent management. Whether you want to improve employer branding, optimize selection processes or build a stronger organizational culture &#8211; [&hellip;]<\/p>\n","protected":false},"author":1,"featured_media":0,"parent":0,"menu_order":0,"comment_status":"closed","ping_status":"closed","template":"","meta":{"_seopress_robots_primary_cat":"","_seopress_titles_title":"","_seopress_titles_desc":"","_seopress_robots_index":"","_seopress_analysis_target_kw":"","footnotes":""},"class_list":["post-562","page","type-page","status-publish","hentry"],"_links":{"self":[{"href":"https:\/\/navistalent.rs\/sr\/wp-json\/wp\/v2\/pages\/562","targetHints":{"allow":["GET"]}}],"collection":[{"href":"https:\/\/navistalent.rs\/sr\/wp-json\/wp\/v2\/pages"}],"about":[{"href":"https:\/\/navistalent.rs\/sr\/wp-json\/wp\/v2\/types\/page"}],"author":[{"embeddable":true,"href":"https:\/\/navistalent.rs\/sr\/wp-json\/wp\/v2\/users\/1"}],"replies":[{"embeddable":true,"href":"https:\/\/navistalent.rs\/sr\/wp-json\/wp\/v2\/comments?post=562"}],"version-history":[{"count":86,"href":"https:\/\/navistalent.rs\/sr\/wp-json\/wp\/v2\/pages\/562\/revisions"}],"predecessor-version":[{"id":1265,"href":"https:\/\/navistalent.rs\/sr\/wp-json\/wp\/v2\/pages\/562\/revisions\/1265"}],"wp:attachment":[{"href":"https:\/\/navistalent.rs\/sr\/wp-json\/wp\/v2\/media?parent=562"}],"curies":[{"name":"wp","href":"https:\/\/api.w.org\/{rel}","templated":true}]}}